{"id":31042,"date":"2024-11-29T13:44:33","date_gmt":"2024-11-29T11:44:33","guid":{"rendered":"https:\/\/agpharma.cloud\/it\/?post_type=product&#038;p=31042"},"modified":"2024-12-10T16:40:47","modified_gmt":"2024-12-10T14:40:47","slug":"agpeg-plus-esse","status":"publish","type":"product","link":"https:\/\/agpharma.eu\/it\/prodotti\/lassativi\/agpeg-plus-esse\/","title":{"rendered":"Agpeg Plus Esse"},"content":{"rendered":"<table class=\"dicotable\">\n<tbody>\n<tr>\n<td><span class=\"attributi\">Modalit\u00e0 di utilizzo<\/span><\/td>\n<\/tr>\n<tr>\n<td>Per una completa pulizia dell\u2019intestino, necessaria per la preparazione ad alcuni esami diagnostici (esami endoscopici o radiologici sul grosso intestino, ecografie addominali) ed in altre condizioni cliniche, seguire scrupolosamente le informazioni fornite dal centro dove viene effettuato l\u2019esame endoscopico, che prevedono di norma un regime dietetico controllato nei giorni che precedono l\u2019esame.<br \/>\nValgono le seguenti dosi, tranne in caso di diversa prescrizione medica. Per la preparazione estemporanea della soluzione orale:<br \/>\n1) versare il contenuto di 2 bustine in 1 L di acqua, agitare bene e bere la soluzione omogenea nell\u2019arco di 1-2 ore, possibilmente assumendo 250 ml di soluzione ogni 10-15 minuti;<br \/>\n2) integrare con ulteriori 500 ml (mezzo litro) di acqua sino ad assumere un totale di 1,5 L (1 L di Agpeg plus esse e 500 ml di acqua);<br \/>\n3) dopo circa 1 ora ripetere la preparazione con altre 2 bustine ed assumere con la stessa modalit\u00e0 il secondo litro di soluzione (e gli ulteriori 500 ml di acqua).<br \/>\nDopo l\u2019assunzione del primo litro si cominceranno ad avvertire movimenti intestinali e stimolo all\u2019evacuazione. Le evacuazioni saranno via via pi\u00f9 liquide sino ad ottenere l\u2019emissione di scariche di liquido chiaro senza residui fecali. Ci\u00f2 indica che la pulizia \u00e8 stata eseguita correttamente e si \u00e8 pronti ad effettuare l\u2019esame.<\/td>\n<\/tr>\n<\/tbody>\n<\/table>\n<table class=\"dicotable\">\n<tbody>\n<tr>\n<td><span class=\"attributi\">Controindicazioni<\/span><\/td>\n<\/tr>\n<tr>\n<td>Non assumere Agpeg plus esse in caso di ipersensibilit\u00e0 nota verso macrogol o gli altri componenti, perforazione, ostruzione o stenosi intestinale, ileo paralitico, gravi patologie infiammatorie del tratto intestinale come morbo di Crohn, colite ulcerosa e megacolon tossico. L\u2019uso dei lassativi \u00e8 controindicato in caso di dolore addominale acuto o di origine sconosciuta, nausea e vomito, sanguinamento rettale di origine sconosciuta e in caso di grave stato di disidratazione.<\/p>\n<p>Gravidanza e allattamento: non ci sono esperienze sull\u2019assunzione durante la gravidanza e l\u2019allattamento. Il prodotto dovrebbe essere assunto solo su consiglio del medico.<\/td>\n<\/tr>\n<\/tbody>\n<\/table>\n<table class=\"dicotable\">\n<tbody>\n<tr>\n<td><span class=\"attributi\">Interazioni<\/span><\/td>\n<\/tr>\n<tr>\n<td>Il prodotto pu\u00f2 ridurre il tempo di permanenza nell\u2019intestino e quindi l\u2019assorbimento di farmaci somministrati contemporaneamente per via orale. \u00c8 opportuno quindi dopo aver preso un medicinale lasciare trascorrere un intervallo di almeno 2 ore prima di prendere Agpeg plus esse. Il simeticone pu\u00f2 interferire con l\u2019effetto di alcuni reagenti utilizzati in diagnostica, come la gomma di guaiaco. In caso di assunzione di farmaci per patologie cardiache, diabete, epilessia ed in particolare di anticoagulanti, antiaggreganti, ipotensivi, diuretici, farmaci antinfiammatori non steroidei, lassativi, consultare il proprio medico o il centro presso cui si effettuer\u00e0 l\u2019esame per un\u2019eventuale variazione della posologia. Consultare comunque il proprio medico prima di assumere Agpeg plus esse in caso di altre terapie in atto.<\/td>\n<\/tr>\n<\/tbody>\n<\/table>\n<table class=\"dicotable\">\n<tbody>\n<tr>\n<td><span class=\"attributi\">Effetti indesiderati<\/span><\/td>\n<\/tr>\n<tr>\n<td>Possono insorgere nausea, vomito e disturbi gastrointestinali (dolore addominale, borborigmi, diarrea, senso di gonfiore); se i sintomi diventano intensi \u00e8 necessario assumere il prodotto pi\u00f9 lentamente. Sono stati riportati casi rari di reazioni allergiche (rash cutaneo, orticaria): in questo caso sospendere l\u2019uso del prodotto ed informare il proprio medico. In caso di reazioni indesiderate, anche se diverse da quelle elencate, sospendere il trattamento e consultare il proprio medico.<\/td>\n<\/tr>\n<\/tbody>\n<\/table>\n<table class=\"dicotable\">\n<tbody>\n<tr>\n<td><span class=\"attributi\">Avvertenze<\/span><\/td>\n<\/tr>\n<tr>\n<td>La soluzione orale deve essere preparata al momento dell\u2019assunzione. Nel caso non venga ingerita subito, la soluzione va conservata in frigorifero e comunque utilizzata entro le 24 ore dalla sua preparazione. Non aggiungere altri ingredienti alla soluzione ricostituita. Non utilizzare in pazienti di peso inferiore ai 20 kg o di et\u00e0 inferiore a 2 anni. Utilizzare il prodotto nei bambini in et\u00e0 pediatrica, in gravidanza ed allattamento solo dopo consiglio medico. Tenere il prodotto o la soluzione ottenuta fuori dalla portata dei bambini. Nei pazienti con disfagia che assumono addensanti a base di amido, devono essere prese in considerazione le possibili interazioni del macrogol, che ne pu\u00f2 ridurre l\u2019effetto addensante. Il prodotto deve essere utilizzato esclusivamente sotto stretto controllo medico in caso di storia clinica di iponatremia o di condizioni che possano aumentare il rischio di iponatremia (patologie renali, cardiocircolatorie, epatiche, uso di diuretici, et\u00e0 geriatrica ecc.). Il prodotto non contiene sali. Valutare con il medico l\u2019opportunit\u00e0 di prevedere un\u2019integrazione di sali, al fine di evitare squilibri elettrolitici (iponatremia). Riferire al medico qualunque condizione medica di rilievo, in particolare patologie cardio-circolatorie, disfagia, reflusso gastro-esofageo, storia di epilessia o di convulsioni muscolari, alcolismo, patologie renali, squilibri elettrolitici plasmatici.<\/td>\n<\/tr>\n<\/tbody>\n<\/table>\n<table class=\"dicotable\">\n<tbody>\n<tr>\n<td><span class=\"attributi\">Modalit\u00e0 di conservazione<\/span><\/td>\n<\/tr>\n<tr>\n<td>Conservare in luogo fresco ed asciutto, a temperatura non superiore a 25\u00b0C, nella confezione originale. La<br \/>\ndata di scadenza indicata si riferisce al prodotto correttamente conservato in confezione integra. Non usare<br \/>\nin caso di confezione danneggiata. Non utilizzare il prodotto dopo la data di scadenza indicata sulla confezione e sulla bustina. Il prodotto \u00e8 monouso: non utilizzare le buste in modo parziale o aperte in tempi non noti, in quanto tale modo d\u2019uso potrebbe comportare rischi di contaminazione del prodotto.<\/td>\n<\/tr>\n<\/tbody>\n<\/table>\n","protected":false},"excerpt":{"rendered":"<h3>Prodotto a base di Macrogol 3350 e Simeticone per la pulizia dell\u2019intestino<\/h3>\n<p><strong>Indicazioni<\/strong><br \/>\nAgpeg plus esse \u00e8 \u00e8 un dispositivo medico da assumere per ottenere una completa pulizia dell\u2019intestino. La rimozione dei residui solidi nel colon \u00e8 fondamentale in preparazione di esami endoscopici, radiologici ed ecografici per una diagnosi accurata.<\/p>\n<p>Agpeg plus esse contiene macrogol 3350, una sostanza inerte che non viene assorbita, non irrita la mucosa, non fermenta e viene eliminata in forma non modificata. Grazie alla sua affinit\u00e0 per l\u2019acqua trattiene un\u2019elevata quantit\u00e0 di liquidi nel comparto intestinale, idratando la massa fecale e stimolando la peristalsi. Contiene inoltre simeticone, con azione antischiumogena, che facilita l\u2019eliminazione del gas nel tratto gastrointestinale.<\/p>\n<p><strong>Categoria terapeutica<\/strong>: prodotto per somministrazione orale<br \/>\n<strong>Confezione:<\/strong> 4 bustine da 60,98g di macrogol 3350 e simeticone<\/p>\n<div class=\"cecontainer\"><strong>\u00c8 un dispositivo medico <\/strong> <img decoding=\"async\" src=\"https:\/\/www.dicofarm.cloud\/it\/wp-content\/uploads\/2024\/07\/logo_Ce.png\" alt=\"ce\" width=\"24\" height=\"34\" \/> <sub>0476<\/sub><\/div>\n<p><strong>Leggere attentamente le avvertenze e le istruzioni per l\u2019uso<\/strong><br \/>\n<em>Autorizzazione Ministeriale del 13\/11\/2024<\/em><\/p>\n<p><a class=\"know-more\" style=\"color: #6dbbea; text-decoration: underline;\" href=\"https:\/\/dicofarmgroup.com\/category\/articoli\/lassativi\/\" target=\"_blank\" rel=\"noopener noreferrer\">Per saperne di pi\u00f9<\/a><\/p>\n","protected":false},"featured_media":30927,"template":"","meta":[],"product_cat":[335],"product_tag":[],"class_list":{"0":"post-31042","1":"product","2":"type-product","3":"status-publish","4":"has-post-thumbnail","6":"product_cat-lassativi","8":"first","9":"instock","10":"virtual","11":"product-type-simple"},"yoast_head":"<!-- This site is optimized with the Yoast SEO plugin v23.9 - https:\/\/yoast.com\/wordpress\/plugins\/seo\/ -->\n<title>Agpeg Plus Esse - Dicofarm<\/title>\n<meta name=\"description\" content=\"Agpeg plus esse \u00e8 un dispositivo medico indicato per il trattamento sintomatico della stipsi.\" \/>\n<meta name=\"robots\" content=\"index, follow, max-snippet:-1, max-image-preview:large, max-video-preview:-1\" \/>\n<link rel=\"canonical\" href=\"https:\/\/agpharma.eu\/it\/prodotti\/lassativi\/agpeg-plus-esse\/\" \/>\n<meta property=\"og:locale\" content=\"it_IT\" \/>\n<meta property=\"og:type\" content=\"article\" \/>\n<meta property=\"og:title\" content=\"Agpeg Plus Esse - Dicofarm\" \/>\n<meta property=\"og:description\" content=\"Agpeg plus esse \u00e8 un dispositivo medico indicato per il trattamento sintomatico della stipsi.\" \/>\n<meta property=\"og:url\" content=\"https:\/\/agpharma.eu\/it\/prodotti\/lassativi\/agpeg-plus-esse\/\" \/>\n<meta property=\"og:site_name\" content=\"Dicofarm\" \/>\n<meta property=\"article:modified_time\" content=\"2024-12-10T14:40:47+00:00\" \/>\n<meta property=\"og:image\" content=\"https:\/\/agpharma.eu\/it\/wp-content\/uploads\/2024\/11\/AGPEG-PLUS-ESSE_1.jpg\" \/>\n\t<meta property=\"og:image:width\" content=\"700\" \/>\n\t<meta property=\"og:image:height\" content=\"800\" \/>\n\t<meta property=\"og:image:type\" content=\"image\/jpeg\" \/>\n<meta name=\"twitter:card\" content=\"summary_large_image\" \/>\n<meta name=\"twitter:label1\" content=\"Tempo di lettura stimato\" \/>\n\t<meta name=\"twitter:data1\" content=\"5 minuti\" \/>\n<script type=\"application\/ld+json\" class=\"yoast-schema-graph\">{\"@context\":\"https:\/\/schema.org\",\"@graph\":[{\"@type\":\"WebPage\",\"@id\":\"https:\/\/agpharma.eu\/it\/prodotti\/lassativi\/agpeg-plus-esse\/\",\"url\":\"https:\/\/agpharma.eu\/it\/prodotti\/lassativi\/agpeg-plus-esse\/\",\"name\":\"Agpeg Plus Esse - Dicofarm\",\"isPartOf\":{\"@id\":\"https:\/\/agpharma.eu\/it\/#website\"},\"primaryImageOfPage\":{\"@id\":\"https:\/\/agpharma.eu\/it\/prodotti\/lassativi\/agpeg-plus-esse\/#primaryimage\"},\"image\":{\"@id\":\"https:\/\/agpharma.eu\/it\/prodotti\/lassativi\/agpeg-plus-esse\/#primaryimage\"},\"thumbnailUrl\":\"https:\/\/agpharma.eu\/it\/wp-content\/uploads\/2024\/11\/AGPEG-PLUS-ESSE_1.jpg\",\"datePublished\":\"2024-11-29T11:44:33+00:00\",\"dateModified\":\"2024-12-10T14:40:47+00:00\",\"description\":\"Agpeg plus esse \u00e8 un dispositivo medico indicato per il trattamento sintomatico della stipsi.\",\"breadcrumb\":{\"@id\":\"https:\/\/agpharma.eu\/it\/prodotti\/lassativi\/agpeg-plus-esse\/#breadcrumb\"},\"inLanguage\":\"it-IT\",\"potentialAction\":[{\"@type\":\"ReadAction\",\"target\":[\"https:\/\/agpharma.eu\/it\/prodotti\/lassativi\/agpeg-plus-esse\/\"]}]},{\"@type\":\"ImageObject\",\"inLanguage\":\"it-IT\",\"@id\":\"https:\/\/agpharma.eu\/it\/prodotti\/lassativi\/agpeg-plus-esse\/#primaryimage\",\"url\":\"https:\/\/agpharma.eu\/it\/wp-content\/uploads\/2024\/11\/AGPEG-PLUS-ESSE_1.jpg\",\"contentUrl\":\"https:\/\/agpharma.eu\/it\/wp-content\/uploads\/2024\/11\/AGPEG-PLUS-ESSE_1.jpg\",\"width\":700,\"height\":800},{\"@type\":\"BreadcrumbList\",\"@id\":\"https:\/\/agpharma.eu\/it\/prodotti\/lassativi\/agpeg-plus-esse\/#breadcrumb\",\"itemListElement\":[{\"@type\":\"ListItem\",\"position\":1,\"name\":\"Home\",\"item\":\"https:\/\/agpharma.eu\/it\/\"},{\"@type\":\"ListItem\",\"position\":2,\"name\":\"Prodotti\",\"item\":\"https:\/\/agpharma.eu\/it\/prodotti\/\"},{\"@type\":\"ListItem\",\"position\":3,\"name\":\"Agpeg Plus Esse\"}]},{\"@type\":\"WebSite\",\"@id\":\"https:\/\/agpharma.eu\/it\/#website\",\"url\":\"https:\/\/agpharma.eu\/it\/\",\"name\":\"Dicofarm - Il meglio della ricerca, il buono della natura\",\"description\":\"Salute dell&#039;adulto - Il meglio della ricerca, il buono della natura\",\"potentialAction\":[{\"@type\":\"SearchAction\",\"target\":{\"@type\":\"EntryPoint\",\"urlTemplate\":\"https:\/\/agpharma.eu\/it\/?s={search_term_string}\"},\"query-input\":{\"@type\":\"PropertyValueSpecification\",\"valueRequired\":true,\"valueName\":\"search_term_string\"}}],\"inLanguage\":\"it-IT\"}]}<\/script>\n<!-- \/ Yoast SEO plugin. -->","yoast_head_json":{"title":"Agpeg Plus Esse - Dicofarm","description":"Agpeg plus esse \u00e8 un dispositivo medico indicato per il trattamento sintomatico della stipsi.","robots":{"index":"index","follow":"follow","max-snippet":"max-snippet:-1","max-image-preview":"max-image-preview:large","max-video-preview":"max-video-preview:-1"},"canonical":"https:\/\/agpharma.eu\/it\/prodotti\/lassativi\/agpeg-plus-esse\/","og_locale":"it_IT","og_type":"article","og_title":"Agpeg Plus Esse - Dicofarm","og_description":"Agpeg plus esse \u00e8 un dispositivo medico indicato per il trattamento sintomatico della stipsi.","og_url":"https:\/\/agpharma.eu\/it\/prodotti\/lassativi\/agpeg-plus-esse\/","og_site_name":"Dicofarm","article_modified_time":"2024-12-10T14:40:47+00:00","og_image":[{"width":700,"height":800,"url":"https:\/\/agpharma.eu\/it\/wp-content\/uploads\/2024\/11\/AGPEG-PLUS-ESSE_1.jpg","type":"image\/jpeg"}],"twitter_card":"summary_large_image","twitter_misc":{"Tempo di lettura stimato":"5 minuti"},"schema":{"@context":"https:\/\/schema.org","@graph":[{"@type":"WebPage","@id":"https:\/\/agpharma.eu\/it\/prodotti\/lassativi\/agpeg-plus-esse\/","url":"https:\/\/agpharma.eu\/it\/prodotti\/lassativi\/agpeg-plus-esse\/","name":"Agpeg Plus Esse - Dicofarm","isPartOf":{"@id":"https:\/\/agpharma.eu\/it\/#website"},"primaryImageOfPage":{"@id":"https:\/\/agpharma.eu\/it\/prodotti\/lassativi\/agpeg-plus-esse\/#primaryimage"},"image":{"@id":"https:\/\/agpharma.eu\/it\/prodotti\/lassativi\/agpeg-plus-esse\/#primaryimage"},"thumbnailUrl":"https:\/\/agpharma.eu\/it\/wp-content\/uploads\/2024\/11\/AGPEG-PLUS-ESSE_1.jpg","datePublished":"2024-11-29T11:44:33+00:00","dateModified":"2024-12-10T14:40:47+00:00","description":"Agpeg plus esse \u00e8 un dispositivo medico indicato per il trattamento sintomatico della stipsi.","breadcrumb":{"@id":"https:\/\/agpharma.eu\/it\/prodotti\/lassativi\/agpeg-plus-esse\/#breadcrumb"},"inLanguage":"it-IT","potentialAction":[{"@type":"ReadAction","target":["https:\/\/agpharma.eu\/it\/prodotti\/lassativi\/agpeg-plus-esse\/"]}]},{"@type":"ImageObject","inLanguage":"it-IT","@id":"https:\/\/agpharma.eu\/it\/prodotti\/lassativi\/agpeg-plus-esse\/#primaryimage","url":"https:\/\/agpharma.eu\/it\/wp-content\/uploads\/2024\/11\/AGPEG-PLUS-ESSE_1.jpg","contentUrl":"https:\/\/agpharma.eu\/it\/wp-content\/uploads\/2024\/11\/AGPEG-PLUS-ESSE_1.jpg","width":700,"height":800},{"@type":"BreadcrumbList","@id":"https:\/\/agpharma.eu\/it\/prodotti\/lassativi\/agpeg-plus-esse\/#breadcrumb","itemListElement":[{"@type":"ListItem","position":1,"name":"Home","item":"https:\/\/agpharma.eu\/it\/"},{"@type":"ListItem","position":2,"name":"Prodotti","item":"https:\/\/agpharma.eu\/it\/prodotti\/"},{"@type":"ListItem","position":3,"name":"Agpeg Plus Esse"}]},{"@type":"WebSite","@id":"https:\/\/agpharma.eu\/it\/#website","url":"https:\/\/agpharma.eu\/it\/","name":"Dicofarm - Il meglio della ricerca, il buono della natura","description":"Salute dell&#039;adulto - Il meglio della ricerca, il buono della natura","potentialAction":[{"@type":"SearchAction","target":{"@type":"EntryPoint","urlTemplate":"https:\/\/agpharma.eu\/it\/?s={search_term_string}"},"query-input":{"@type":"PropertyValueSpecification","valueRequired":true,"valueName":"search_term_string"}}],"inLanguage":"it-IT"}]}},"jetpack_sharing_enabled":true,"_links":{"self":[{"href":"https:\/\/agpharma.eu\/it\/wp-json\/wp\/v2\/product\/31042","targetHints":{"allow":["GET"]}}],"collection":[{"href":"https:\/\/agpharma.eu\/it\/wp-json\/wp\/v2\/product"}],"about":[{"href":"https:\/\/agpharma.eu\/it\/wp-json\/wp\/v2\/types\/product"}],"version-history":[{"count":9,"href":"https:\/\/agpharma.eu\/it\/wp-json\/wp\/v2\/product\/31042\/revisions"}],"predecessor-version":[{"id":31238,"href":"https:\/\/agpharma.eu\/it\/wp-json\/wp\/v2\/product\/31042\/revisions\/31238"}],"wp:featuredmedia":[{"embeddable":true,"href":"https:\/\/agpharma.eu\/it\/wp-json\/wp\/v2\/media\/30927"}],"wp:attachment":[{"href":"https:\/\/agpharma.eu\/it\/wp-json\/wp\/v2\/media?parent=31042"}],"wp:term":[{"taxonomy":"product_cat","embeddable":true,"href":"https:\/\/agpharma.eu\/it\/wp-json\/wp\/v2\/product_cat?post=31042"},{"taxonomy":"product_tag","embeddable":true,"href":"https:\/\/agpharma.eu\/it\/wp-json\/wp\/v2\/product_tag?post=31042"}],"curies":[{"name":"wp","href":"https:\/\/api.w.org\/{rel}","templated":true}]}}